{"id":746,"date":"2025-02-10T15:56:36","date_gmt":"2025-02-10T15:56:36","guid":{"rendered":"https:\/\/erasmus.klf.fr\/reservez\/"},"modified":"2025-08-25T10:46:02","modified_gmt":"2025-08-25T10:46:02","slug":"reservez","status":"publish","type":"page","link":"https:\/\/erasmus.klf.fr\/fr\/reservez\/","title":{"rendered":"R\u00e9servez"},"content":{"rendered":"\t\t<div data-elementor-type=\"wp-page\" data-elementor-id=\"746\" class=\"elementor elementor-746 elementor-662\" data-elementor-post-type=\"page\">\n\t\t\t\t<div class=\"elementor-element elementor-element-cb0bebe e-con-full e-flex e-con e-parent\" data-id=\"cb0bebe\" data-element_type=\"container\" data-e-type=\"container\" data-settings=\"{&quot;background_background&quot;:&quot;classic&quot;,&quot;ekit_has_onepagescroll_dot&quot;:&quot;yes&quot;}\">\n\t\t<div class=\"elementor-element elementor-element-2407620 e-con-full e-flex e-con e-child\" data-id=\"2407620\" data-element_type=\"container\" data-e-type=\"container\" data-settings=\"{&quot;background_background&quot;:&quot;classic&quot;,&quot;ekit_has_onepagescroll_dot&quot;:&quot;yes&quot;}\">\n\t\t<div class=\"elementor-element elementor-element-0a1cc18 e-con-full e-flex e-con e-child\" data-id=\"0a1cc18\" data-element_type=\"container\" data-e-type=\"container\" data-settings=\"{&quot;ekit_has_onepagescroll_dot&quot;:&quot;yes&quot;}\">\n\t\t\t\t<div class=\"elementor-element elementor-element-37f9923 elementor-widget elementor-widget-heading\" data-id=\"37f9923\" data-element_type=\"widget\" data-e-type=\"widget\" data-settings=\"{&quot;ekit_we_effect_on&quot;:&quot;none&quot;}\" data-widget_type=\"heading.default\">\n\t\t\t\t<div class=\"elementor-widget-container\">\n\t\t\t\t\t<h2 class=\"elementor-heading-title elementor-size-default\">R\u00e9servez\n<\/h2>\t\t\t\t<\/div>\n\t\t\t\t<\/div>\n\t\t\t\t<div class=\"elementor-element elementor-element-5aa84ca elementor-widget elementor-widget-text-editor\" data-id=\"5aa84ca\" data-element_type=\"widget\" data-e-type=\"widget\" data-settings=\"{&quot;ekit_we_effect_on&quot;:&quot;none&quot;}\" data-widget_type=\"text-editor.default\">\n\t\t\t\t<div class=\"elementor-widget-container\">\n\t\t\t\t\t\t\t\t\t<p>R\u00e9servez votre prochain cours de fran\u00e7ais pour professeurs en France dans l&rsquo;\u00e9cole de votre choix. Nous nous r\u00e9jouissons de vous accueillir dans nos centres ! <\/p>\n\t\t\t\t\t\t\t\t<\/div>\n\t\t\t\t<\/div>\n\t\t\t\t<\/div>\n\t\t<div class=\"elementor-element elementor-element-1a05437 e-con-full e-flex e-con e-child\" data-id=\"1a05437\" data-element_type=\"container\" data-e-type=\"container\" data-settings=\"{&quot;ekit_has_onepagescroll_dot&quot;:&quot;yes&quot;}\">\n\t\t\t\t<\/div>\n\t\t\t\t<\/div>\n\t\t\t\t<\/div>\n\t\t<div class=\"elementor-element elementor-element-af8d6b0 e-flex e-con-boxed e-con e-parent\" data-id=\"af8d6b0\" data-element_type=\"container\" data-e-type=\"container\" data-settings=\"{&quot;ekit_has_onepagescroll_dot&quot;:&quot;yes&quot;}\">\n\t\t\t\t\t<div class=\"e-con-inner\">\n\t\t<div class=\"elementor-element elementor-element-247c08b e-con-full e-flex e-con e-child\" data-id=\"247c08b\" data-element_type=\"container\" data-e-type=\"container\" data-settings=\"{&quot;ekit_has_onepagescroll_dot&quot;:&quot;yes&quot;}\">\n\t\t\t\t<div class=\"elementor-element elementor-element-0e9fbc9 elementor-widget elementor-widget-shortcode\" data-id=\"0e9fbc9\" data-element_type=\"widget\" data-e-type=\"widget\" data-settings=\"{&quot;ekit_we_effect_on&quot;:&quot;none&quot;}\" data-widget_type=\"shortcode.default\">\n\t\t\t\t<div class=\"elementor-widget-container\">\n\t\t\t\t\t\t\t<div class=\"elementor-shortcode\"><noscript>Veuillez activer JavaScript pour continuer \u00e0 remplir ce formulaire.<\/noscript>\n<fidelo-widget><\/fidelo-widget>\n<script src=\"https:\/\/proxy.fidelo.com\/app\/widget\/1.0\/klf\/js\/widget.js?c=TUBGVGAS5CZRHR8U&amp;l=fr\"><\/script><\/div>\n\t\t\t\t\t\t<\/div>\n\t\t\t\t<\/div>\n\t\t\t\t<div class=\"elementor-element elementor-element-c9d29d4 elementor-widget-divider--view-line elementor-widget elementor-widget-divider\" data-id=\"c9d29d4\" data-element_type=\"widget\" data-e-type=\"widget\" data-settings=\"{&quot;ekit_we_effect_on&quot;:&quot;none&quot;}\" data-widget_type=\"divider.default\">\n\t\t\t\t<div class=\"elementor-widget-container\">\n\t\t\t\t\t\t\t<div class=\"elementor-divider\">\n\t\t\t<span class=\"elementor-divider-separator\">\n\t\t\t\t\t\t<\/span>\n\t\t<\/div>\n\t\t\t\t\t\t<\/div>\n\t\t\t\t<\/div>\n\t\t\t\t<div class=\"elementor-element elementor-element-8cd6029 elementor-widget elementor-widget-text-editor\" data-id=\"8cd6029\" data-element_type=\"widget\" data-e-type=\"widget\" data-settings=\"{&quot;ekit_we_effect_on&quot;:&quot;none&quot;}\" data-widget_type=\"text-editor.default\">\n\t\t\t\t<div class=\"elementor-widget-container\">\n\t\t\t\t\t\t\t\t\t<p>*Pour les r\u00e9servations de derni\u00e8re minute (moins de 4 jours avant le d\u00e9but du cours), veuillez nous contacter au pr\u00e9alable \u00e0 l&rsquo;adresse contact@klf.fr pour v\u00e9rifier la disponibilit\u00e9.<\/p>\n<p>*Les \u00e9coles seront ferm\u00e9es les jours f\u00e9ri\u00e9s suivants : 21\/04\/25 &#8211; 01\/05\/25 &#8211; 08\/05\/25 &#8211; 09\/06\/25 &#8211; 14\/07\/25 &#8211; 15\/08\/25 &#8211; 11\/11\/25 Les cours ne seront pas report\u00e9s ni compens\u00e9s. Conform\u00e9ment \u00e0 nos conditions g\u00e9n\u00e9rales, l&rsquo;\u00e9cole sera donc ferm\u00e9e et aucun cours de rattrapage ne sera propos\u00e9\u00a0\u00bb. <\/p>\n<p>* Pour les d\u00e9butants complets, niveau A0, des cours sp\u00e9cifiques sont pr\u00e9vus.<\/p>\n<p>*L&rsquo;inscription ne sera consid\u00e9r\u00e9e comme valide qu&rsquo;apr\u00e8s r\u00e9ception du paiement.<\/p>\n\t\t\t\t\t\t\t\t<\/div>\n\t\t\t\t<\/div>\n\t\t\t\t<\/div>\n\t\t\t\t\t<\/div>\n\t\t\t\t<\/div>\n\t\t\t\t<\/div>\n\t\t","protected":false},"excerpt":{"rendered":"<p>R\u00e9servez R\u00e9servez votre prochain cours de fran\u00e7ais pour professeurs en France dans l&rsquo;\u00e9cole de votre choix. Nous nous r\u00e9jouissons de vous accueillir dans nos centres ! Veuillez activer JavaScript pour continuer \u00e0 remplir ce formulaire. *Pour les r\u00e9servations de derni\u00e8re minute (moins de 4 jours avant le d\u00e9but du cours), veuillez nous contacter au pr\u00e9alable [&hellip;]<\/p>\n","protected":false},"author":13,"featured_media":0,"parent":0,"menu_order":0,"comment_status":"closed","ping_status":"closed","template":"elementor_header_footer","meta":{"content-type":"","footnotes":""},"folder":[],"class_list":["post-746","page","type-page","status-publish","hentry"],"yoast_head":"<!-- This site is optimized with the Yoast SEO Premium plugin v27.5 (Yoast SEO v27.5) - https:\/\/yoast.com\/product\/yoast-seo-premium-wordpress\/ -->\n<title>R\u00e9servez - Erasmus + for Teachers in France<\/title>\n<meta name=\"robots\" content=\"index, follow, max-snippet:-1, max-image-preview:large, max-video-preview:-1\" \/>\n<link rel=\"canonical\" href=\"https:\/\/erasmus.klf.fr\/fr\/reservez\/\" \/>\n<meta property=\"og:locale\" content=\"fr_FR\" \/>\n<meta property=\"og:type\" content=\"article\" \/>\n<meta property=\"og:title\" content=\"R\u00e9servez\" \/>\n<meta property=\"og:description\" content=\"R\u00e9servez R\u00e9servez votre prochain cours de fran\u00e7ais pour professeurs en France dans l&rsquo;\u00e9cole de votre choix. Nous nous r\u00e9jouissons de vous accueillir dans nos centres ! Veuillez activer JavaScript pour continuer \u00e0 remplir ce formulaire. *Pour les r\u00e9servations de derni\u00e8re minute (moins de 4 jours avant le d\u00e9but du cours), veuillez nous contacter au pr\u00e9alable [&hellip;]\" \/>\n<meta property=\"og:url\" content=\"https:\/\/erasmus.klf.fr\/fr\/reservez\/\" \/>\n<meta property=\"og:site_name\" content=\"Erasmus + for Teachers in France\" \/>\n<meta property=\"article:modified_time\" content=\"2025-08-25T10:46:02+00:00\" \/>\n<meta name=\"twitter:card\" content=\"summary_large_image\" \/>\n<meta name=\"twitter:label1\" content=\"Dur\u00e9e de lecture estim\u00e9e\" \/>\n\t<meta name=\"twitter:data1\" content=\"1 minute\" \/>\n<script type=\"application\/ld+json\" class=\"yoast-schema-graph\">{\"@context\":\"https:\\\/\\\/schema.org\",\"@graph\":[{\"@type\":\"WebPage\",\"@id\":\"https:\\\/\\\/erasmus.klf.fr\\\/fr\\\/reservez\\\/\",\"url\":\"https:\\\/\\\/erasmus.klf.fr\\\/fr\\\/reservez\\\/\",\"name\":\"R\u00e9servez - Erasmus + for Teachers in France\",\"isPartOf\":{\"@id\":\"https:\\\/\\\/erasmus.klf.fr\\\/fr\\\/#website\"},\"datePublished\":\"2025-02-10T15:56:36+00:00\",\"dateModified\":\"2025-08-25T10:46:02+00:00\",\"breadcrumb\":{\"@id\":\"https:\\\/\\\/erasmus.klf.fr\\\/fr\\\/reservez\\\/#breadcrumb\"},\"inLanguage\":\"fr-FR\",\"potentialAction\":[{\"@type\":\"ReadAction\",\"target\":[\"https:\\\/\\\/erasmus.klf.fr\\\/fr\\\/reservez\\\/\"]}]},{\"@type\":\"BreadcrumbList\",\"@id\":\"https:\\\/\\\/erasmus.klf.fr\\\/fr\\\/reservez\\\/#breadcrumb\",\"itemListElement\":[{\"@type\":\"ListItem\",\"position\":1,\"name\":\"Home\",\"item\":\"https:\\\/\\\/erasmus.klf.fr\\\/fr\\\/\"},{\"@type\":\"ListItem\",\"position\":2,\"name\":\"R\u00e9servez\"}]},{\"@type\":\"WebSite\",\"@id\":\"https:\\\/\\\/erasmus.klf.fr\\\/fr\\\/#website\",\"url\":\"https:\\\/\\\/erasmus.klf.fr\\\/fr\\\/\",\"name\":\"Erasmus + for Teachers in France\",\"description\":\"\",\"potentialAction\":[{\"@type\":\"SearchAction\",\"target\":{\"@type\":\"EntryPoint\",\"urlTemplate\":\"https:\\\/\\\/erasmus.klf.fr\\\/fr\\\/?s={search_term_string}\"},\"query-input\":{\"@type\":\"PropertyValueSpecification\",\"valueRequired\":true,\"valueName\":\"search_term_string\"}}],\"inLanguage\":\"fr-FR\"},{\"@type\":\"ImageObject\",\"inLanguage\":\"fr-FR\",\"@id\":\"https:\\\/\\\/erasmus.klf.fr\\\/fr\\\/reservez\\\/#local-main-organization-logo\",\"url\":\"\",\"contentUrl\":\"\",\"caption\":\"Erasmus + for Teachers in France\"}]}<\/script>\n<!-- \/ Yoast SEO Premium plugin. -->","yoast_head_json":{"title":"R\u00e9servez - Erasmus + for Teachers in France","robots":{"index":"index","follow":"follow","max-snippet":"max-snippet:-1","max-image-preview":"max-image-preview:large","max-video-preview":"max-video-preview:-1"},"canonical":"https:\/\/erasmus.klf.fr\/fr\/reservez\/","og_locale":"fr_FR","og_type":"article","og_title":"R\u00e9servez","og_description":"R\u00e9servez R\u00e9servez votre prochain cours de fran\u00e7ais pour professeurs en France dans l&rsquo;\u00e9cole de votre choix. Nous nous r\u00e9jouissons de vous accueillir dans nos centres ! Veuillez activer JavaScript pour continuer \u00e0 remplir ce formulaire. *Pour les r\u00e9servations de derni\u00e8re minute (moins de 4 jours avant le d\u00e9but du cours), veuillez nous contacter au pr\u00e9alable [&hellip;]","og_url":"https:\/\/erasmus.klf.fr\/fr\/reservez\/","og_site_name":"Erasmus + for Teachers in France","article_modified_time":"2025-08-25T10:46:02+00:00","twitter_card":"summary_large_image","twitter_misc":{"Dur\u00e9e de lecture estim\u00e9e":"1 minute"},"schema":{"@context":"https:\/\/schema.org","@graph":[{"@type":"WebPage","@id":"https:\/\/erasmus.klf.fr\/fr\/reservez\/","url":"https:\/\/erasmus.klf.fr\/fr\/reservez\/","name":"R\u00e9servez - Erasmus + for Teachers in France","isPartOf":{"@id":"https:\/\/erasmus.klf.fr\/fr\/#website"},"datePublished":"2025-02-10T15:56:36+00:00","dateModified":"2025-08-25T10:46:02+00:00","breadcrumb":{"@id":"https:\/\/erasmus.klf.fr\/fr\/reservez\/#breadcrumb"},"inLanguage":"fr-FR","potentialAction":[{"@type":"ReadAction","target":["https:\/\/erasmus.klf.fr\/fr\/reservez\/"]}]},{"@type":"BreadcrumbList","@id":"https:\/\/erasmus.klf.fr\/fr\/reservez\/#breadcrumb","itemListElement":[{"@type":"ListItem","position":1,"name":"Home","item":"https:\/\/erasmus.klf.fr\/fr\/"},{"@type":"ListItem","position":2,"name":"R\u00e9servez"}]},{"@type":"WebSite","@id":"https:\/\/erasmus.klf.fr\/fr\/#website","url":"https:\/\/erasmus.klf.fr\/fr\/","name":"Erasmus + for Teachers in France","description":"","potentialAction":[{"@type":"SearchAction","target":{"@type":"EntryPoint","urlTemplate":"https:\/\/erasmus.klf.fr\/fr\/?s={search_term_string}"},"query-input":{"@type":"PropertyValueSpecification","valueRequired":true,"valueName":"search_term_string"}}],"inLanguage":"fr-FR"},{"@type":"ImageObject","inLanguage":"fr-FR","@id":"https:\/\/erasmus.klf.fr\/fr\/reservez\/#local-main-organization-logo","url":"","contentUrl":"","caption":"Erasmus + for Teachers in France"}]}},"_links":{"self":[{"href":"https:\/\/erasmus.klf.fr\/fr\/wp-json\/wp\/v2\/pages\/746","targetHints":{"allow":["GET"]}}],"collection":[{"href":"https:\/\/erasmus.klf.fr\/fr\/wp-json\/wp\/v2\/pages"}],"about":[{"href":"https:\/\/erasmus.klf.fr\/fr\/wp-json\/wp\/v2\/types\/page"}],"author":[{"embeddable":true,"href":"https:\/\/erasmus.klf.fr\/fr\/wp-json\/wp\/v2\/users\/13"}],"replies":[{"embeddable":true,"href":"https:\/\/erasmus.klf.fr\/fr\/wp-json\/wp\/v2\/comments?post=746"}],"version-history":[{"count":4,"href":"https:\/\/erasmus.klf.fr\/fr\/wp-json\/wp\/v2\/pages\/746\/revisions"}],"predecessor-version":[{"id":1221,"href":"https:\/\/erasmus.klf.fr\/fr\/wp-json\/wp\/v2\/pages\/746\/revisions\/1221"}],"wp:attachment":[{"href":"https:\/\/erasmus.klf.fr\/fr\/wp-json\/wp\/v2\/media?parent=746"}],"wp:term":[{"taxonomy":"folder","embeddable":true,"href":"https:\/\/erasmus.klf.fr\/fr\/wp-json\/wp\/v2\/folder?post=746"}],"curies":[{"name":"wp","href":"https:\/\/api.w.org\/{rel}","templated":true}]}}